{"id":2,"date":"2014-07-01T21:35:34","date_gmt":"2014-07-02T02:35:34","guid":{"rendered":"https:\/\/toollon.com\/web\/?page_id=2"},"modified":"2014-08-05T18:53:26","modified_gmt":"2014-08-05T23:53:26","slug":"quienes-somos","status":"publish","type":"page","link":"https:\/\/toollon.com\/web\/quienes-somos\/","title":{"rendered":"Qui\u00e9nes somos"},"content":{"rendered":"<p><img loading=\"lazy\" decoding=\"async\" class=\"aligncenter wp-image-63 size-full\" src=\"https:\/\/toollon.com\/web\/wp-content\/uploads\/2014\/07\/feat-quienes-somos.jpg\" alt=\"Somos Toollon Colombia\" width=\"1000\" height=\"500\" srcset=\"https:\/\/toollon.com\/web\/wp-content\/uploads\/2014\/07\/feat-quienes-somos.jpg 1000w, https:\/\/toollon.com\/web\/wp-content\/uploads\/2014\/07\/feat-quienes-somos-600x300.jpg 600w\" sizes=\"auto, (max-width: 1000px) 100vw, 1000px\" \/><\/p>\n<p style=\"text-align: justify;\"><span id=\"result_box\" lang=\"es\" tabindex=\"-1\"><span class=\"hps\">Nuestra compa\u00f1\u00eda Toollon Colombia es una\u00a0sociedad de empresarios colombianos y brasileros creada para atender los mercados de los productos marca Toollon en Colombia, Ecuador, Per\u00fa, Venezuela, Centroam\u00e9rica y el Caribe, aprovechando la estrat\u00e9gica posici\u00f3n geogr\u00e1fica de nuestro pa\u00eds, y con la proyecci\u00f3n a futuro de fabricar en Colombia para exportar a\u00a0estos mercados.<\/span><\/span><\/p>\n<p style=\"text-align: justify;\">\u00a0<\/p>\n<p style=\"text-align: justify;\"><span id=\"result_box\" lang=\"es\" tabindex=\"-1\"><span class=\"hps\">T<\/span><span class=\"hps\">oollon<\/span> C<span class=\"hps\">osm\u00e9ticos es\u00a0<\/span>una compa\u00f1\u00eda brasilera, <span class=\"hps\">fundada en<\/span> <span class=\"hps\">1990<\/span> <span class=\"hps\">con el fin de<\/span> <span class=\"hps\">crear una<\/span> <span class=\"hps\">l\u00ednea de cosm\u00e9ticos<\/span> <span class=\"hps\">diferentes de los que exist\u00edan en esa <\/span><span class=\"hps\">\u00e9poca<\/span>, buscando desarrollar<span class=\"hps\">\u00a0 productos lo<\/span> <span class=\"hps\">m\u00e1s naturales\u00a0<\/span> <span class=\"hps\">posible, utilizando<\/span> <span class=\"hps\">los principios activos<\/span> <span class=\"hps\">de la naturaleza para<\/span> <span class=\"hps\">hacer que nuestros<\/span> <span class=\"hps\">cosm\u00e9ticos<\/span> <span class=\"hps\">m\u00e1s suaves y m\u00e1s amables<\/span><span class=\"hps\"> con<\/span> <span class=\"hps\">el medio ambiente y<\/span> <span class=\"hps\">las personas<\/span> <span class=\"hps\">que los utilizan<\/span><\/span><span id=\"result_box\" lang=\"es\" tabindex=\"-1\"><span class=\"hps\">.<\/span><\/span><\/p>\n<p style=\"text-align: justify;\"><span id=\"result_box\" lang=\"es\" tabindex=\"-1\"><span class=\"hps\">Siempre estamos<\/span> <span class=\"hps\">delante de<\/span> <span class=\"hps\">innovaciones en<\/span> <span class=\"hps\">nuestros productos<\/span>,\u00a0 y buscamos <span class=\"hps\">los mejores ingredientes disponibles para incluirlos en nuestras f\u00f3rmulas<\/span><\/span><span id=\"result_box\" lang=\"es\" tabindex=\"-1\">.<\/span><\/p>\n<p style=\"text-align: justify;\"><span id=\"result_box\" lang=\"es\" tabindex=\"-1\"><span class=\"hps\">Nuestras materias primas<\/span> <span class=\"hps\">son<\/span> <span class=\"hps\">seleccionadas<\/span> <span class=\"hps\">entre los mejores<\/span> <span class=\"hps\">proveedores, y nuestros procesos incluyen un estricto control de calidad<\/span> para ofrecer a nuestros usuarios los productos m\u00e1s adecuados para sus necesidades.<\/span><\/p>\n<p style=\"text-align: justify;\"><a href=\"https:\/\/toollon.com\/web\/wp-content\/uploads\/2014\/07\/main-banner.jpg\"><img loading=\"lazy\" decoding=\"async\" class=\"aligncenter wp-image-67 size-medium\" src=\"https:\/\/toollon.com\/web\/wp-content\/uploads\/2014\/07\/main-banner-513x300.jpg\" alt=\"Toollon Colombia\" width=\"300\" height=\"175\" srcset=\"https:\/\/toollon.com\/web\/wp-content\/uploads\/2014\/07\/main-banner-513x300.jpg 513w, https:\/\/toollon.com\/web\/wp-content\/uploads\/2014\/07\/main-banner-1024x598.jpg 1024w, https:\/\/toollon.com\/web\/wp-content\/uploads\/2014\/07\/main-banner.jpg 1369w\" sizes=\"auto, (max-width: 300px) 100vw, 300px\" \/><\/a><\/p>\n","protected":false},"excerpt":{"rendered":"<p>Nuestra compa\u00f1\u00eda Toollon Colombia es una\u00a0sociedad de empresarios colombianos y brasileros creada para atender los mercados de los productos marca Toollon en Colombia, Ecuador, Per\u00fa, Venezuela, Centroam\u00e9rica y el Caribe, aprovechando la estrat\u00e9gica posici\u00f3n geogr\u00e1fica de nuestro pa\u00eds, y con la proyecci\u00f3n a futuro de fabricar en Colombia para exportar a\u00a0estos mercados. \u00a0 Toollon Cosm\u00e9ticos [&hellip;]<\/p>\n","protected":false},"author":1,"featured_media":0,"parent":0,"menu_order":0,"comment_status":"closed","ping_status":"closed","template":"","meta":{"footnotes":""},"class_list":["post-2","page","type-page","status-publish","hentry"],"_links":{"self":[{"href":"https:\/\/toollon.com\/web\/wp-json\/wp\/v2\/pages\/2","targetHints":{"allow":["GET"]}}],"collection":[{"href":"https:\/\/toollon.com\/web\/wp-json\/wp\/v2\/pages"}],"about":[{"href":"https:\/\/toollon.com\/web\/wp-json\/wp\/v2\/types\/page"}],"author":[{"embeddable":true,"href":"https:\/\/toollon.com\/web\/wp-json\/wp\/v2\/users\/1"}],"replies":[{"embeddable":true,"href":"https:\/\/toollon.com\/web\/wp-json\/wp\/v2\/comments?post=2"}],"version-history":[{"count":14,"href":"https:\/\/toollon.com\/web\/wp-json\/wp\/v2\/pages\/2\/revisions"}],"predecessor-version":[{"id":131,"href":"https:\/\/toollon.com\/web\/wp-json\/wp\/v2\/pages\/2\/revisions\/131"}],"wp:attachment":[{"href":"https:\/\/toollon.com\/web\/wp-json\/wp\/v2\/media?parent=2"}],"curies":[{"name":"wp","href":"https:\/\/api.w.org\/{rel}","templated":true}]}}