{"id":40,"date":"2014-07-12T19:08:22","date_gmt":"2014-07-13T00:08:22","guid":{"rendered":"https:\/\/toollon.com\/web\/?page_id=40"},"modified":"2019-01-04T15:12:38","modified_gmt":"2019-01-04T20:12:38","slug":"contactenos","status":"publish","type":"page","link":"https:\/\/toollon.com\/web\/contactenos\/","title":{"rendered":"Compra AQUI"},"content":{"rendered":"\n<p style=\"text-align:center\">Si desea adqirir nuestros productos o desea informaci\u00f3n adicional sobre los mismos, por favor diligencie el siguiente formulario y nuestro equipo de trabajo se pondr\u00e1 en contacto con usted con la mayor brevedad.<\/p>\n\n\n\n<p style=\"text-align:center\"><strong>Tambi\u00e9n puede comunicarse directamente con nuestro<br \/><\/strong><strong> <a href=\"https:\/\/api.whatsapp.com\/send?phone=573044280889&amp;text=Hola,%20quiero informaci\u00f3n sobre los productos Toollon\"><span style=\"color: #008080;\">Whatsapp<br \/>304 428 0889 <\/span><\/a><br \/>y recibir directamente nuestras promociones en su celular.<\/strong><\/p>\n\n\n\n<p style=\"text-align:center\">\n<div class=\"wpcf7 no-js\" id=\"wpcf7-f85-o1\" lang=\"es-ES\" dir=\"ltr\" data-wpcf7-id=\"85\">\n<div class=\"screen-reader-response\"><p role=\"status\" aria-live=\"polite\" aria-atomic=\"true\"><\/p> <ul><\/ul><\/div>\n<form action=\"\/web\/wp-json\/wp\/v2\/pages\/40#wpcf7-f85-o1\" method=\"post\" class=\"wpcf7-form init\" aria-label=\"Formulario de contacto\" novalidate=\"novalidate\" data-status=\"init\">\n<fieldset class=\"hidden-fields-container\"><input type=\"hidden\" name=\"_wpcf7\" value=\"85\" \/><input type=\"hidden\" name=\"_wpcf7_version\" value=\"6.1.5\" \/><input type=\"hidden\" name=\"_wpcf7_locale\" value=\"es_ES\" \/><input type=\"hidden\" name=\"_wpcf7_unit_tag\" value=\"wpcf7-f85-o1\" \/><input type=\"hidden\" name=\"_wpcf7_container_post\" value=\"0\" \/><input type=\"hidden\" name=\"_wpcf7_posted_data_hash\" value=\"\" \/>\n<\/fieldset>\n<div class=\"wpcf7\">\n\t<div class=\"fila1\">\n\t\t<div class=\"etiqueta\" style=\"text-align: center;\">\n\t\t\t<p><strong>NOMBRE Y APELLIDO (*)<\/strong>\n\t\t\t<\/p>\n\t\t<\/div>\n\t\t<div class=\"campo\" style=\"text-align: center;\">\n\t\t\t<p><span class=\"wpcf7-form-control-wrap\" data-name=\"NOMBRE\"><input size=\"40\" maxlength=\"40\" class=\"wpcf7-form-control wpcf7-text wpcf7-validates-as-required text\" aria-required=\"true\" aria-invalid=\"false\" value=\"\" type=\"text\" name=\"NOMBRE\" \/><\/span>\n\t\t\t<\/p>\n\t\t<\/div>\n\t\t<div class=\"campo\" style=\"text-align: center;\">\n\t\t<\/div>\n\t<\/div>\n\t<div class=\"fila2\" style=\"text-align: center;\">\n\t\t<div class=\"etiqueta\">\n\t\t\t<p><strong>TELEFONO DE CONTACTO (*):<\/strong>\n\t\t\t<\/p>\n\t\t<\/div>\n\t\t<div class=\"campo\">\n\t\t\t<p><span class=\"wpcf7-form-control-wrap\" data-name=\"TELEFONO\"><input size=\"40\" maxlength=\"40\" class=\"wpcf7-form-control wpcf7-text wpcf7-validates-as-required text\" aria-required=\"true\" aria-invalid=\"false\" value=\"\" type=\"text\" name=\"TELEFONO\" \/><\/span>\n\t\t\t<\/p>\n\t\t<\/div>\n\t<\/div>\n\t<div class=\"fila1\" style=\"text-align: center;\">\n\t\t<div class=\"etiqueta\">\n\t\t<\/div>\n\t\t<div class=\"etiqueta\">\n\t\t\t<p><strong>E-MAIL (*):<\/strong>\n\t\t\t<\/p>\n\t\t<\/div>\n\t\t<div class=\"campo\">\n\t\t\t<p><span class=\"wpcf7-form-control-wrap\" data-name=\"EMAIL\"><input size=\"40\" maxlength=\"400\" class=\"wpcf7-form-control wpcf7-email wpcf7-validates-as-required wpcf7-text wpcf7-validates-as-email text\" aria-required=\"true\" aria-invalid=\"false\" value=\"\" type=\"email\" name=\"EMAIL\" \/><\/span>\n\t\t\t<\/p>\n\t\t<\/div>\n\t<\/div>\n\t<div class=\"fila2\" style=\"text-align: center;\">\n\t\t<div class=\"etiqueta\">\n\t\t<\/div>\n\t\t<div class=\"etiqueta\">\n\t\t\t<p><strong>DIRECCI\u00d3N:<\/strong>\n\t\t\t<\/p>\n\t\t<\/div>\n\t\t<div class=\"campo\">\n\t\t\t<p><span class=\"wpcf7-form-control-wrap\" data-name=\"DIRECCION\"><input size=\"40\" maxlength=\"40\" class=\"wpcf7-form-control wpcf7-text text\" aria-invalid=\"false\" value=\"\" type=\"text\" name=\"DIRECCION\" \/><\/span>\n\t\t\t<\/p>\n\t\t<\/div>\n\t<\/div>\n\t<div class=\"fila1\" style=\"text-align: center;\">\n\t\t<div class=\"etiqueta\">\n\t\t<\/div>\n\t\t<div class=\"etiqueta\">\n\t\t\t<p><strong>EMPRESA\/ESTABLECIMIENTO COMERCIAL(*)<\/strong>\n\t\t\t<\/p>\n\t\t<\/div>\n\t\t<div class=\"campo\">\n\t\t\t<p><span class=\"wpcf7-form-control-wrap\" data-name=\"EMPRESA\"><input size=\"40\" maxlength=\"40\" class=\"wpcf7-form-control wpcf7-text wpcf7-validates-as-required text\" aria-required=\"true\" aria-invalid=\"false\" value=\"\" type=\"text\" name=\"EMPRESA\" \/><\/span>\n\t\t\t<\/p>\n\t\t<\/div>\n\t<\/div>\n\t<div class=\"fila2\" style=\"text-align: center;\">\n\t\t<div class=\"etiqueta\">\n\t\t<\/div>\n\t\t<div class=\"etiqueta\">\n\t\t\t<p><strong>CIUDAD (*)<\/strong>\n\t\t\t<\/p>\n\t\t<\/div>\n\t\t<div class=\"campo\">\n\t\t\t<p><span class=\"wpcf7-form-control-wrap\" data-name=\"CIUDAD\"><input size=\"40\" maxlength=\"40\" class=\"wpcf7-form-control wpcf7-text wpcf7-validates-as-required text\" aria-required=\"true\" aria-invalid=\"false\" value=\"\" type=\"text\" name=\"CIUDAD\" \/><\/span>\n\t\t\t<\/p>\n\t\t<\/div>\n\t<\/div>\n\t<div class=\"fila1\" style=\"text-align: center;\">\n\t\t<div class=\"etiqueta\">\n\t\t<\/div>\n\t\t<div class=\"etiqueta\">\n\t\t\t<p><strong>Escriba aqui su mensaje(*)<\/strong>\n\t\t\t<\/p>\n\t\t<\/div>\n\t\t<div class=\"campo\">\n\t\t\t<p><span class=\"wpcf7-form-control-wrap\" data-name=\"MENSAJE\"><textarea cols=\"40\" rows=\"3\" maxlength=\"2000\" class=\"wpcf7-form-control wpcf7-textarea wpcf7-validates-as-required textarea\" aria-required=\"true\" aria-invalid=\"false\" name=\"MENSAJE\"><\/textarea><\/span>\n\t\t\t<\/p>\n\t\t<\/div>\n\t<\/div>\n\t<div class=\"filablanca\" style=\"text-align: center;\">\n\t<\/div>\n\t<div class=\"filablanca\" style=\"text-align: center;\">\n\t\t<p><input class=\"wpcf7-form-control wpcf7-submit has-spinner\" type=\"submit\" value=\"ENVIAR DATOS\" \/>\n\t\t<\/p>\n\t<\/div>\n<\/div><div class=\"wpcf7-response-output\" aria-hidden=\"true\"><\/div>\n<\/form>\n<\/div>\n<\/p>\n\n\n\n<p style=\"text-align:center\"><strong>O escr\u00edbanos un mensaje de correo electr\u00f3nico a <a href=\"mailto:ventas@toollon.com\">ventas@toollon.com<\/a><\/strong><\/p>\n","protected":false},"excerpt":{"rendered":"<p>Si desea adqirir nuestros productos o desea informaci\u00f3n adicional sobre los mismos, por favor diligencie el siguiente formulario y nuestro equipo de trabajo se pondr\u00e1 en contacto con usted con la mayor brevedad. Tambi\u00e9n puede comunicarse directamente con nuestro Whatsapp304 428 0889 y recibir directamente nuestras promociones en su celular. O escr\u00edbanos un mensaje de [&hellip;]<\/p>\n","protected":false},"author":1,"featured_media":0,"parent":0,"menu_order":0,"comment_status":"closed","ping_status":"closed","template":"","meta":{"footnotes":""},"class_list":["post-40","page","type-page","status-publish","hentry"],"_links":{"self":[{"href":"https:\/\/toollon.com\/web\/wp-json\/wp\/v2\/pages\/40","targetHints":{"allow":["GET"]}}],"collection":[{"href":"https:\/\/toollon.com\/web\/wp-json\/wp\/v2\/pages"}],"about":[{"href":"https:\/\/toollon.com\/web\/wp-json\/wp\/v2\/types\/page"}],"author":[{"embeddable":true,"href":"https:\/\/toollon.com\/web\/wp-json\/wp\/v2\/users\/1"}],"replies":[{"embeddable":true,"href":"https:\/\/toollon.com\/web\/wp-json\/wp\/v2\/comments?post=40"}],"version-history":[{"count":8,"href":"https:\/\/toollon.com\/web\/wp-json\/wp\/v2\/pages\/40\/revisions"}],"predecessor-version":[{"id":181,"href":"https:\/\/toollon.com\/web\/wp-json\/wp\/v2\/pages\/40\/revisions\/181"}],"wp:attachment":[{"href":"https:\/\/toollon.com\/web\/wp-json\/wp\/v2\/media?parent=40"}],"curies":[{"name":"wp","href":"https:\/\/api.w.org\/{rel}","templated":true}]}}